{"id":1160,"date":"2018-03-23T05:22:14","date_gmt":"2018-03-23T05:22:14","guid":{"rendered":"http:\/\/demo.megathe.me\/test2\/farah\/?page_id=10"},"modified":"2021-03-09T16:20:33","modified_gmt":"2021-03-09T15:20:33","slug":"about","status":"publish","type":"page","link":"http:\/\/www.matthiasbinner.com\/?page_id=1160","title":{"rendered":"About"},"content":{"rendered":"<p>[vc_row el_class=&#8220;light-margin&#8220;][vc_column width=&#8220;1\/2&#8243;][vc_column_text el_class=&#8220;link-transition&#8220;]<\/p>\n<h2 style=\"text-align: left; margin-top: 0;\">Info<\/h2>\n<p>Ich bin Matthias, geb\u00fcrtiger Leipziger mit Kreativit\u00e4t im Blut. Schon in jungen Jahren bin ich dem Zeichnen verfallen und so sp\u00e4ter zur Fotografie gekommen. Mitlerweile habe ich mein Hobby zum Nebenberuf gemacht und setze bei der Umsetzung von Projekten immer auf eine freundschaftliche Zusammenarbeit. Seien es Portraits, Firmenportfolios oder Hochzeiten. Stehts versuche ich das umzusetzen, was sich die Partner w\u00fcnschen und ich durch meine Augen sehe und auf Film bringe.<\/p>\n<h2 style=\"text-align: left;\">Contact<\/h2>\n<p style=\"text-align: left;\">F\u00fcr Anfragen zu Arbeiten oder kommenden gemeinsamen Projekten kontaktiert mich einfach unter:<br \/>\n<a href=\"mailto:info@matthiasbinner.com\">info@matthiasbinner.com<\/a><\/p>\n<p>Based in Leipzig.[\/vc_column_text][\/vc_column][vc_column width=&#8220;1\/4&#8243;][vc_column_text el_class=&#8220;link-transition&#8220;]<\/p>\n<h2 style=\"text-align: left; margin-top: 0;\">Connect<\/h2>\n<p><a href=\"https:\/\/www.instagram.com\/mtsbnr\/\" target=\"_blank\" rel=\"noopener noreferrer\">Instagram<\/a><br \/>\n<a href=\"https:\/\/www.behance.net\/matthiasbinner\" target=\"_blank\" rel=\"noopener noreferrer\">Behance<\/a><br \/>\n<a href=\"https:\/\/www.facebook.com\/mtsbnr\/\" target=\"_blank\" rel=\"noopener\">Facebook<\/a><\/p>\n<h2 style=\"text-align: left;\">Partnerschaften<\/h2>\n<p><a href=\"https:\/\/www.diebrillenmodelei.de\/#\" target=\"_blank\" rel=\"noopener\">Die Brillenmodelei<\/a><br \/>\n<a href=\"https:\/\/www.motorradfreunde-neuseenland.de\/\" target=\"_blank\" rel=\"noopener\">Motorradfreunde Neuseenland<\/a><br \/>\n<a href=\"https:\/\/www.mk-pt.de\/\" target=\"_blank\" rel=\"noopener\">Marcel Krause Personaltraining<\/a>[\/vc_column_text][\/vc_column][vc_column width=&#8220;1\/4&#8243;][vc_single_image image=&#8220;1318&#8243; img_size=&#8220;full&#8220; lazyload=&#8220;1&#8243; color_palette=&#8220;1&#8243;][\/vc_column][\/vc_row]<\/p>\n","protected":false},"excerpt":{"rendered":"<p>[vc_row el_class=&#8220;light-margin&#8220;][vc_column width=&#8220;1\/2&#8243;][vc_column_text el_class=&#8220;link-transition&#8220;] Info Ich bin Matthias, geb\u00fcrtiger Leipziger mit Kreativit\u00e4t im Blut. Schon in jungen Jahren bin ich dem Zeichnen verfallen und so sp\u00e4ter zur Fotografie gekommen. Mitlerweile habe ich mein Hobby zum Nebenberuf gemacht und setze bei der Umsetzung von Projekten immer auf eine freundschaftliche Zusammenarbeit. Seien es Portraits, Firmenportfolios oder Hochzeiten. &hellip;<\/p>\n","protected":false},"author":1,"featured_media":0,"parent":0,"menu_order":0,"comment_status":"closed","ping_status":"closed","template":"blank-page.php","meta":{"footnotes":""},"class_list":["post-1160","page","type-page","status-publish","hentry"],"_links":{"self":[{"href":"http:\/\/www.matthiasbinner.com\/index.php?rest_route=\/wp\/v2\/pages\/1160","targetHints":{"allow":["GET"]}}],"collection":[{"href":"http:\/\/www.matthiasbinner.com\/index.php?rest_route=\/wp\/v2\/pages"}],"about":[{"href":"http:\/\/www.matthiasbinner.com\/index.php?rest_route=\/wp\/v2\/types\/page"}],"author":[{"embeddable":true,"href":"http:\/\/www.matthiasbinner.com\/index.php?rest_route=\/wp\/v2\/users\/1"}],"replies":[{"embeddable":true,"href":"http:\/\/www.matthiasbinner.com\/index.php?rest_route=%2Fwp%2Fv2%2Fcomments&post=1160"}],"version-history":[{"count":4,"href":"http:\/\/www.matthiasbinner.com\/index.php?rest_route=\/wp\/v2\/pages\/1160\/revisions"}],"predecessor-version":[{"id":1322,"href":"http:\/\/www.matthiasbinner.com\/index.php?rest_route=\/wp\/v2\/pages\/1160\/revisions\/1322"}],"wp:attachment":[{"href":"http:\/\/www.matthiasbinner.com\/index.php?rest_route=%2Fwp%2Fv2%2Fmedia&parent=1160"}],"curies":[{"name":"wp","href":"https:\/\/api.w.org\/{rel}","templated":true}]}}